{"id":2636,"date":"2019-08-08T14:39:41","date_gmt":"2019-08-08T14:39:41","guid":{"rendered":"https:\/\/www.ilknurkirtasiye.com\/?page_id=2636"},"modified":"2021-10-28T05:46:15","modified_gmt":"2021-10-28T05:46:15","slug":"kargo-ve-teslimat","status":"publish","type":"page","link":"https:\/\/www.sokekirtasiye.com\/?page_id=2636","title":{"rendered":"Kargo ve Teslimat"},"content":{"rendered":"\t\t<div data-elementor-type=\"wp-page\" data-elementor-id=\"2636\" class=\"elementor elementor-2636\">\n\t\t\t\t\t\t<section class=\"elementor-section elementor-top-section elementor-element elementor-element-f9c85bd elementor-section-boxed elementor-section-height-default elementor-section-height-default\" data-id=\"f9c85bd\" data-element_type=\"section\" data-e-type=\"section\">\n\t\t\t\t\t\t<div class=\"elementor-container elementor-column-gap-default\">\n\t\t\t\t\t<div class=\"elementor-column elementor-col-50 elementor-top-column elementor-element elementor-element-3c0fc19\" data-id=\"3c0fc19\" data-element_type=\"column\" data-e-type=\"column\">\n\t\t\t<div class=\"elementor-widget-wrap elementor-element-populated\">\n\t\t\t\t\t\t<div class=\"elementor-element elementor-element-dff2bbd color-scheme-inherit text-left elementor-widget elementor-widget-text-editor\" data-id=\"dff2bbd\" data-element_type=\"widget\" data-e-type=\"widget\" data-widget_type=\"text-editor.default\">\n\t\t\t\t<div class=\"elementor-widget-container\">\n\t\t\t\t\t\t\t\t\t<p class=\"has-text-align-left\">\u00dcr\u00fcnlerimiz \u00f6zel haz\u0131rlanm\u0131\u015f paketlerinde sizlere en h\u0131zl\u0131 ve ekonomik olacak \u015fekilde, ister sizin se\u00e7ti\u011finiz, ister bize b\u0131rakt\u0131\u011f\u0131n\u0131z anla\u015fmal\u0131 oldu\u011fumuz kargo \u015firketleri taraf\u0131ndan ula\u015ft\u0131r\u0131lacakt\u0131r.<\/p>\n<p><!-- \/wp:paragraph --><\/p>\n<p><!-- wp:paragraph --><\/p>\n<p><b>Anla\u015fmal\u0131 Firmalar;<\/b><\/p>\n<p><!-- \/wp:paragraph --><\/p>\n<p><!-- wp:paragraph --><\/p>\n<p>PTT Kargo, Aras Kargo, S\u00fcrat Kargo, Yurti\u00e7i Kargo<\/p>\t\t\t\t\t\t\t\t<\/div>\n\t\t\t\t<\/div>\n\t\t\t\t\t<\/div>\n\t\t<\/div>\n\t\t\t\t<div class=\"elementor-column elementor-col-50 elementor-top-column elementor-element elementor-element-a75fd2c\" data-id=\"a75fd2c\" data-element_type=\"column\" data-e-type=\"column\">\n\t\t\t<div class=\"elementor-widget-wrap elementor-element-populated\">\n\t\t\t\t\t\t<div class=\"elementor-element elementor-element-775981a elementor-widget elementor-widget-image\" data-id=\"775981a\" data-element_type=\"widget\" data-e-type=\"widget\" data-widget_type=\"image.default\">\n\t\t\t\t<div class=\"elementor-widget-container\">\n\t\t\t\t\t\t\t\t\t\t\t\t\t\t\t<img decoding=\"async\" width=\"300\" height=\"45\" src=\"https:\/\/i0.wp.com\/www.sokekirtasiye.com\/wp-content\/uploads\/2021\/09\/logo.png?fit=300%2C45&amp;ssl=1\" class=\"attachment-medium size-medium wp-image-7872\" alt=\"\" srcset=\"https:\/\/i0.wp.com\/www.sokekirtasiye.com\/wp-content\/uploads\/2021\/09\/logo.png?w=402&amp;ssl=1 402w, https:\/\/i0.wp.com\/www.sokekirtasiye.com\/wp-content\/uploads\/2021\/09\/logo.png?resize=300%2C45&amp;ssl=1 300w, https:\/\/i0.wp.com\/www.sokekirtasiye.com\/wp-content\/uploads\/2021\/09\/logo.png?resize=150%2C22&amp;ssl=1 150w\" sizes=\"(max-width: 300px) 100vw, 300px\" \/>\t\t\t\t\t\t\t\t\t\t\t\t\t\t\t<\/div>\n\t\t\t\t<\/div>\n\t\t\t\t\t<\/div>\n\t\t<\/div>\n\t\t\t\t\t<\/div>\n\t\t<\/section>\n\t\t\t\t<section class=\"elementor-section elementor-top-section elementor-element elementor-element-1dcf356 elementor-section-boxed elementor-section-height-default elementor-section-height-default\" data-id=\"1dcf356\" data-element_type=\"section\" data-e-type=\"section\">\n\t\t\t\t\t\t<div class=\"elementor-container elementor-column-gap-default\">\n\t\t\t\t\t<div class=\"elementor-column elementor-col-100 elementor-top-column elementor-element elementor-element-c3c0707\" data-id=\"c3c0707\" data-element_type=\"column\" data-e-type=\"column\">\n\t\t\t<div class=\"elementor-widget-wrap\">\n\t\t\t\t\t\t\t<\/div>\n\t\t<\/div>\n\t\t\t\t\t<\/div>\n\t\t<\/section>\n\t\t\t\t<\/div>\n\t\t","protected":false},"excerpt":{"rendered":"<p>\u00dcr\u00fcnlerimiz \u00f6zel haz\u0131rlanm\u0131\u015f paketlerinde sizlere en h\u0131zl\u0131 ve ekonomik olacak \u015fekilde, ister sizin se\u00e7ti\u011finiz, ister bize b\u0131rakt\u0131\u011f\u0131n\u0131z anla\u015fmal\u0131 oldu\u011fumuz kargo<\/p>\n","protected":false},"author":1,"featured_media":0,"parent":0,"menu_order":13,"comment_status":"closed","ping_status":"closed","template":"","meta":{"advanced_seo_description":"","jetpack_seo_html_title":"","jetpack_seo_noindex":false,"_joinchat":[],"footnotes":""},"class_list":["post-2636","page","type-page","status-publish","hentry"],"jetpack_sharing_enabled":true,"_links":{"self":[{"href":"https:\/\/www.sokekirtasiye.com\/index.php?rest_route=\/wp\/v2\/pages\/2636","targetHints":{"allow":["GET"]}}],"collection":[{"href":"https:\/\/www.sokekirtasiye.com\/index.php?rest_route=\/wp\/v2\/pages"}],"about":[{"href":"https:\/\/www.sokekirtasiye.com\/index.php?rest_route=\/wp\/v2\/types\/page"}],"author":[{"embeddable":true,"href":"https:\/\/www.sokekirtasiye.com\/index.php?rest_route=\/wp\/v2\/users\/1"}],"replies":[{"embeddable":true,"href":"https:\/\/www.sokekirtasiye.com\/index.php?rest_route=%2Fwp%2Fv2%2Fcomments&post=2636"}],"version-history":[{"count":1,"href":"https:\/\/www.sokekirtasiye.com\/index.php?rest_route=\/wp\/v2\/pages\/2636\/revisions"}],"predecessor-version":[{"id":8554,"href":"https:\/\/www.sokekirtasiye.com\/index.php?rest_route=\/wp\/v2\/pages\/2636\/revisions\/8554"}],"wp:attachment":[{"href":"https:\/\/www.sokekirtasiye.com\/index.php?rest_route=%2Fwp%2Fv2%2Fmedia&parent=2636"}],"curies":[{"name":"wp","href":"https:\/\/api.w.org\/{rel}","templated":true}]}}