{"id":2651,"date":"2019-08-08T14:45:31","date_gmt":"2019-08-08T14:45:31","guid":{"rendered":"https:\/\/www.ilknurkirtasiye.com\/?page_id=2651"},"modified":"2025-09-24T14:21:11","modified_gmt":"2025-09-24T14:21:11","slug":"urun-iadesi","status":"publish","type":"page","link":"https:\/\/www.sokekirtasiye.com\/?page_id=2651","title":{"rendered":"\u00dcr\u00fcn \u0130adesi"},"content":{"rendered":"\n<p>Sipari\u015flerinizde al\u0131c\u0131 taraf\u0131ndan bir hasar olmad\u0131\u011f\u0131 s\u00fcrece g\u00f6n\u00fcl rahatl\u0131\u011f\u0131 ile iade hakk\u0131n\u0131z\u0131 kullanabilirsiniz. Hen\u00fcz kargoya teslim edilmemi\u015f olan sipari\u015finizi a\u015fa\u011f\u0131daki &#8220;Destek Formu&#8221; nu doldurarak sipari\u015f iptal talebinizi olu\u015fturabilirsiniz.<\/p>\n\n\n\n<p>Kredi kart\u0131n\u0131za yat\u0131r\u0131lan geri \u00f6demenin ekstrenize art\u0131 bakiye olarak yans\u0131mas\u0131, bankan\u0131z\u0131n s\u00fcre\u00e7 ve uygulamalar\u0131na ba\u011fl\u0131 olarak ortalama iki &#8211; \u00fc\u00e7 g\u00fcn s\u00fcrebilir(atm kartlar\u0131nda 1-2 hafta). Bu s\u00fcre\u00e7 genel bir uygulama olup, sokekirtasiye.com\u00a0&#8216;un\u00a0\u00a0m\u00fcdahale hakk\u0131 bulunmamaktad\u0131r. \u0130ade i\u015fleminizin kredi kart\u0131n\u0131za yans\u0131mas\u0131nda gecikme ya\u015fanmas\u0131 halinde, bankan\u0131zdan detayl\u0131 bilgi alabilirsiniz.<\/p>\n\n\n\n<p><strong>\u0130ade<\/strong><\/p>\n\n\n\n<p>\u0130ade ko\u015fullar\u0131 \u00e7er\u00e7evesinde, sipari\u015finizi size ula\u015ft\u0131\u011f\u0131 g\u00fcnden itibaren 15 g\u00fcn i\u00e7erisinde S\u00fcrat Kargo ile \u201csokerkirtasiye.com\u00a0\u00a0\u0130ade Kodu ile (ALICI F\u0130RMA KODU : \u0130lknur ) g\u00f6nderebilirsiniz. Bu i\u015flem \u00f6ncesinde &#8220;info@sokekirtasiye.com\u00a0&#8221; e-posta adresinden veya 0549 512 63 02 whatsapp destek hatt\u0131m\u0131zdan taraf\u0131m\u0131za bilgi verebilirsiniz.<\/p>\n\n\n\n<p><strong>\u0130ade Ko\u015fullar\u0131<\/strong><\/p>\n\n\n\n<p>\u0130nsanlar\u0131n bu zamanda mecburi veya de\u011fil, internet al\u0131\u015fveri\u015flerine y\u00f6nelmeleri ve g\u00fcvenmeleri, bizlerin daha \u015feffaf ve daha fazla g\u00fcven ortam\u0131 olu\u015fturmam\u0131z gerekti\u011fi hissini a\u015f\u0131l\u0131yor. Bu nedenle iade politikam\u0131z gayet \u015feffatt\u0131r. Ald\u0131\u011f\u0131n\u0131z \u00fcr\u00fcn\u00fc 15 g\u00fcn i\u00e7erisinde kutusu a\u00e7\u0131lm\u0131\u015f dahi olsa iade edebilmektesiniz. 0549 512 63 02 numaral\u0131 destek hatt\u0131m\u0131zdan whatsapp veya arayarak her t\u00fcrl\u00fc bilgiyi alabilirsiniz<\/p>\n\n\n\n<p><strong>\u0130ade edece\u011fim \u00fcr\u00fcn i\u00e7in kargo \u00fccreti \u00f6deyecek miyim?<\/strong><\/p>\n\n\n\n<p>\u00dcr\u00fcn \/ \u00fcr\u00fcnlerden kaynaklanan herhangi bir kusurdan dolay\u0131 yapaca\u011f\u0131n\u0131z iadelerde kargo \u00fccreti ilknurkirtasiye.com&nbsp;&nbsp;taraf\u0131ndan \u00f6denmekte olup g\u00f6nderimin S\u00fcrat Kargo ile yap\u0131lmas\u0131 gerekmektedir. E\u011fer \u00fcr\u00fcn \/ \u00fcr\u00fcnlerden kaynaklanan bir kusur yoksa g\u00f6nderi \u00fccreti al\u0131c\u0131ya aittir.<\/p>\n\n\n\n<p><strong>De\u011fi\u015fim<\/strong><\/p>\n\n\n\n<p>sokekirtasiye.com\u00a0\u00a0web sitesinden sat\u0131n ald\u0131\u011f\u0131n\u0131z ve iade ko\u015fullar\u0131na uygun olan bir \u00fcr\u00fcn\u00fc de\u011fi\u015ftirmek i\u00e7in destek ekibimizle telefon, e-posta veya ileti\u015fim formu yoluyla irtibata ge\u00e7ebilirsiniz.<\/p>\n\n\n\n<p><strong>\u00dccret \u0130adesini Nas\u0131l Yap\u0131l\u0131r<\/strong><\/p>\n\n\n\n<p>\u0130ade etmek istedi\u011finiz \u00fcr\u00fcn\u00fc bizlere kargo yapt\u0131ktan sonra sizden istenecek olan IBAN Numaras\u0131na veya kredi kart\u0131 ile yapt\u0131\u011f\u0131n\u0131z al\u0131\u015fveri\u015fler de kart\u0131n\u0131za iade yap\u0131lacakt\u0131r.<\/p>\n\n\n\n<p>Mutlu Al\u0131\u015fveri\u015fler.<\/p>\n\n\n\n<p><\/p>\n\n\n\n<p><strong>DESTEK FORMU<\/strong><\/p>\n\n\n\n\n\n\n\n<div class=\"wp-block-jetpack-button wp-block-button\" style=\"\"><button class=\"wp-block-button__link\" style=\"\" data-id-attr=\"placeholder\" type=\"submit\" data-wp-class--is-submitting=\"state.isSubmitting\" data-wp-bind--aria-disabled=\"state.isAriaDisabled\">G\u00f6nder<span class=\"spinner\" aria-hidden=\"true\"><svg width=\"24\" height=\"24\" viewBox=\"0 0 24 24\" xmlns=\"http:\/\/www.w3.org\/2000\/svg\"><path d=\"M12,1A11,11,0,1,0,23,12,11,11,0,0,0,12,1Zm0,19a8,8,0,1,1,8-8A8,8,0,0,1,12,20Z\" opacity=\".25\"\/><path d=\"M10.14,1.16a11,11,0,0,0-9,8.92A1.59,1.59,0,0,0,2.46,12,1.52,1.52,0,0,0,4.11,10.7a8,8,0,0,1,6.66-6.61A1.42,1.42,0,0,0,12,2.69h0A1.57,1.57,0,0,0,10.14,1.16Z\"><animateTransform attributeName=\"transform\" type=\"rotate\" dur=\"0.75s\" values=\"0 12 12;360 12 12\" repeatCount=\"indefinite\"\/><\/path><\/svg><span class=\"is-visually-hidden\">Form g\u00f6nderiliyor<\/span><\/span><\/button><\/div>\n\n\n<p><\/script><\/p>","protected":false},"excerpt":{"rendered":"<p>Sipari\u015flerinizde al\u0131c\u0131 taraf\u0131ndan bir hasar olmad\u0131\u011f\u0131 s\u00fcrece g\u00f6n\u00fcl rahatl\u0131\u011f\u0131 ile iade hakk\u0131n\u0131z\u0131 kullanabilirsiniz. Hen\u00fcz kargoya teslim edilmemi\u015f olan sipari\u015finizi a\u015fa\u011f\u0131daki<\/p>\n","protected":false},"author":1,"featured_media":0,"parent":0,"menu_order":12,"comment_status":"closed","ping_status":"closed","template":"","meta":{"advanced_seo_description":"","jetpack_seo_html_title":"","jetpack_seo_noindex":false,"_joinchat":[],"footnotes":""},"class_list":["post-2651","page","type-page","status-publish","hentry"],"jetpack_sharing_enabled":true,"_links":{"self":[{"href":"https:\/\/www.sokekirtasiye.com\/index.php?rest_route=\/wp\/v2\/pages\/2651","targetHints":{"allow":["GET"]}}],"collection":[{"href":"https:\/\/www.sokekirtasiye.com\/index.php?rest_route=\/wp\/v2\/pages"}],"about":[{"href":"https:\/\/www.sokekirtasiye.com\/index.php?rest_route=\/wp\/v2\/types\/page"}],"author":[{"embeddable":true,"href":"https:\/\/www.sokekirtasiye.com\/index.php?rest_route=\/wp\/v2\/users\/1"}],"replies":[{"embeddable":true,"href":"https:\/\/www.sokekirtasiye.com\/index.php?rest_route=%2Fwp%2Fv2%2Fcomments&post=2651"}],"version-history":[{"count":2,"href":"https:\/\/www.sokekirtasiye.com\/index.php?rest_route=\/wp\/v2\/pages\/2651\/revisions"}],"predecessor-version":[{"id":15791,"href":"https:\/\/www.sokekirtasiye.com\/index.php?rest_route=\/wp\/v2\/pages\/2651\/revisions\/15791"}],"wp:attachment":[{"href":"https:\/\/www.sokekirtasiye.com\/index.php?rest_route=%2Fwp%2Fv2%2Fmedia&parent=2651"}],"curies":[{"name":"wp","href":"https:\/\/api.w.org\/{rel}","templated":true}]}}