{"id":8533,"date":"2021-01-24T07:23:34","date_gmt":"2021-01-24T07:23:34","guid":{"rendered":"https:\/\/www.ilknurkirtasiye.com\/?page_id=2"},"modified":"2025-09-24T14:24:28","modified_gmt":"2025-09-24T14:24:28","slug":"cozum-merkezi","status":"publish","type":"page","link":"https:\/\/www.sokekirtasiye.com\/?page_id=8533","title":{"rendered":"\u00c7\u00f6z\u00fcm Merkezi"},"content":{"rendered":"\t\t<div data-elementor-type=\"wp-page\" data-elementor-id=\"8533\" class=\"elementor elementor-8533\">\n\t\t\t\t\t\t<section class=\"wd-negative-gap elementor-section elementor-top-section elementor-element elementor-element-4f3ad8b9 elementor-section-boxed elementor-section-height-default elementor-section-height-default\" data-id=\"4f3ad8b9\" data-element_type=\"section\" data-e-type=\"section\">\n\t\t\t\t\t\t<div class=\"elementor-container elementor-column-gap-default\">\n\t\t\t\t\t<div class=\"elementor-column elementor-col-100 elementor-top-column elementor-element elementor-element-25504e00\" data-id=\"25504e00\" data-element_type=\"column\" data-e-type=\"column\">\n\t\t\t<div class=\"elementor-widget-wrap elementor-element-populated\">\n\t\t\t\t\t\t<div class=\"elementor-element elementor-element-75e3bf3d color-scheme-inherit text-left elementor-widget elementor-widget-text-editor\" data-id=\"75e3bf3d\" data-element_type=\"widget\" data-e-type=\"widget\" data-widget_type=\"text-editor.default\">\n\t\t\t\t<div class=\"elementor-widget-container\">\n\t\t\t\t\t\t\t\t\t\n<p>Sitemiz sizlerin k\u0131rtasiye ihtiya\u00e7lar\u0131na cevap verebilmek i\u00e7in kurulmu\u015ftur. Her t\u00fcrl\u00fc g\u00f6r\u00fc\u015f, \u00f6neri ve \u015fikayetleriniz i\u00e7in;<\/p>\n\n<p><a href=\"https:\/\/wa.me\/905495126302\"><strong>0549 512 63 02<\/strong><\/a>\u00a0\u2013 Whatsapp Destek<\/p>\n\n<p>info@sokekirtasiye.com \u2013 Mail Destek<\/p>\n\n<p>M\u00fc\u015fteri destek hatt\u0131ndan bize ula\u015fabilirsiniz.<\/p>\n\n<p>\u0130yi al\u0131\u015fveri\u015fler\u2026<\/p>\n\t\t\t\t\t\t\t\t<\/div>\n\t\t\t\t<\/div>\n\t\t\t\t\t<\/div>\n\t\t<\/div>\n\t\t\t\t\t<\/div>\n\t\t<\/section>\n\t\t\t\t<section class=\"wd-negative-gap elementor-section elementor-top-section elementor-element elementor-element-4354d75 elementor-section-boxed elementor-section-height-default elementor-section-height-default\" data-id=\"4354d75\" data-element_type=\"section\" data-e-type=\"section\">\n\t\t\t\t\t\t<div class=\"elementor-container elementor-column-gap-default\">\n\t\t\t\t\t<div class=\"elementor-column elementor-col-100 elementor-top-column elementor-element elementor-element-7a57579\" data-id=\"7a57579\" data-element_type=\"column\" data-e-type=\"column\">\n\t\t\t<div class=\"elementor-widget-wrap elementor-element-populated\">\n\t\t\t\t\t\t<div class=\"elementor-element elementor-element-9a10d14 elementor-widget elementor-widget-image\" data-id=\"9a10d14\" data-element_type=\"widget\" data-e-type=\"widget\" data-widget_type=\"image.default\">\n\t\t\t\t<div class=\"elementor-widget-container\">\n\t\t\t\t\t\t\t\t\t\t\t\t\t\t\t<img decoding=\"async\" width=\"300\" height=\"45\" src=\"https:\/\/i0.wp.com\/www.sokekirtasiye.com\/wp-content\/uploads\/2021\/09\/logo.png?fit=300%2C45&amp;ssl=1\" class=\"attachment-medium size-medium wp-image-7872\" alt=\"\" srcset=\"https:\/\/i0.wp.com\/www.sokekirtasiye.com\/wp-content\/uploads\/2021\/09\/logo.png?w=402&amp;ssl=1 402w, https:\/\/i0.wp.com\/www.sokekirtasiye.com\/wp-content\/uploads\/2021\/09\/logo.png?resize=300%2C45&amp;ssl=1 300w, https:\/\/i0.wp.com\/www.sokekirtasiye.com\/wp-content\/uploads\/2021\/09\/logo.png?resize=150%2C22&amp;ssl=1 150w\" sizes=\"(max-width: 300px) 100vw, 300px\" \/>\t\t\t\t\t\t\t\t\t\t\t\t\t\t\t<\/div>\n\t\t\t\t<\/div>\n\t\t\t\t\t<\/div>\n\t\t<\/div>\n\t\t\t\t\t<\/div>\n\t\t<\/section>\n\t\t\t\t<section class=\"wd-negative-gap elementor-section elementor-top-section elementor-element elementor-element-2d6714d elementor-section-boxed elementor-section-height-default elementor-section-height-default\" data-id=\"2d6714d\" data-element_type=\"section\" data-e-type=\"section\">\n\t\t\t\t\t\t<div class=\"elementor-container elementor-column-gap-default\">\n\t\t\t\t\t<div class=\"elementor-column elementor-col-100 elementor-top-column elementor-element elementor-element-d7dab91\" data-id=\"d7dab91\" data-element_type=\"column\" data-e-type=\"column\">\n\t\t\t<div class=\"elementor-widget-wrap elementor-element-populated\">\n\t\t\t\t\t\t<div class=\"elementor-element elementor-element-669fbf3 elementor-widget elementor-widget-heading\" data-id=\"669fbf3\" data-element_type=\"widget\" data-e-type=\"widget\" data-widget_type=\"heading.default\">\n\t\t\t\t<div class=\"elementor-widget-container\">\n\t\t\t\t\t<h2 class=\"elementor-heading-title elementor-size-default\">Se\u00e7ilmi\u015f \u00dcr\u00fcnler<\/h2>\t\t\t\t<\/div>\n\t\t\t\t<\/div>\n\t\t\t\t\t<\/div>\n\t\t<\/div>\n\t\t\t\t\t<\/div>\n\t\t<\/section>\n\t\t\t\t<section class=\"wd-negative-gap elementor-section elementor-top-section elementor-element elementor-element-3592874 elementor-section-boxed elementor-section-height-default elementor-section-height-default\" data-id=\"3592874\" data-element_type=\"section\" data-e-type=\"section\">\n\t\t\t\t\t\t<div class=\"elementor-container elementor-column-gap-default\">\n\t\t\t\t\t<div class=\"elementor-column elementor-col-100 elementor-top-column elementor-element elementor-element-4d07ecc\" data-id=\"4d07ecc\" data-element_type=\"column\" data-e-type=\"column\">\n\t\t\t<div class=\"elementor-widget-wrap\">\n\t\t\t\t\t\t\t<\/div>\n\t\t<\/div>\n\t\t\t\t\t<\/div>\n\t\t<\/section>\n\t\t\t\t<\/div>\n\t\t","protected":false},"excerpt":{"rendered":"<p>Sitemiz sizlerin k\u0131rtasiye ihtiya\u00e7lar\u0131na cevap verebilmek i\u00e7in kurulmu\u015ftur. Her t\u00fcrl\u00fc g\u00f6r\u00fc\u015f, \u00f6neri ve \u015fikayetleriniz i\u00e7in; 0549 512 63 02\u00a0\u2013 Whatsapp<\/p>\n","protected":false},"author":1,"featured_media":0,"parent":0,"menu_order":7,"comment_status":"closed","ping_status":"closed","template":"","meta":{"advanced_seo_description":"","jetpack_seo_html_title":"","jetpack_seo_noindex":false,"_joinchat":[],"footnotes":""},"class_list":["post-8533","page","type-page","status-publish","hentry"],"jetpack_sharing_enabled":true,"_links":{"self":[{"href":"https:\/\/www.sokekirtasiye.com\/index.php?rest_route=\/wp\/v2\/pages\/8533","targetHints":{"allow":["GET"]}}],"collection":[{"href":"https:\/\/www.sokekirtasiye.com\/index.php?rest_route=\/wp\/v2\/pages"}],"about":[{"href":"https:\/\/www.sokekirtasiye.com\/index.php?rest_route=\/wp\/v2\/types\/page"}],"author":[{"embeddable":true,"href":"https:\/\/www.sokekirtasiye.com\/index.php?rest_route=\/wp\/v2\/users\/1"}],"replies":[{"embeddable":true,"href":"https:\/\/www.sokekirtasiye.com\/index.php?rest_route=%2Fwp%2Fv2%2Fcomments&post=8533"}],"version-history":[{"count":7,"href":"https:\/\/www.sokekirtasiye.com\/index.php?rest_route=\/wp\/v2\/pages\/8533\/revisions"}],"predecessor-version":[{"id":15797,"href":"https:\/\/www.sokekirtasiye.com\/index.php?rest_route=\/wp\/v2\/pages\/8533\/revisions\/15797"}],"wp:attachment":[{"href":"https:\/\/www.sokekirtasiye.com\/index.php?rest_route=%2Fwp%2Fv2%2Fmedia&parent=8533"}],"curies":[{"name":"wp","href":"https:\/\/api.w.org\/{rel}","templated":true}]}}