{"id":3390,"date":"2020-10-20T17:44:05","date_gmt":"2020-10-20T14:44:05","guid":{"rendered":"https:\/\/www.ilknurkirtasiye.com\/?post_type=product&amp;p=3390"},"modified":"2020-10-20T17:44:05","modified_gmt":"2020-10-20T14:44:05","slug":"delta-zimba-teli-no10-sari-1000-ad","status":"publish","type":"product","link":"https:\/\/www.sokekirtasiye.com\/?product=delta-zimba-teli-no10-sari-1000-ad","title":{"rendered":"Delta Z\u0131mba Teli No:10 Sar\u0131 (1000 Ad)"},"content":{"rendered":"","protected":false},"excerpt":{"rendered":"<h5>\u00dcr\u00fcn Kodu : 1621<\/h5>\n","protected":false},"featured_media":8244,"comment_status":"open","ping_status":"closed","template":"","meta":{"advanced_seo_description":"","jetpack_seo_html_title":"","jetpack_seo_noindex":false,"_joinchat":[]},"product_brand":[],"product_cat":[522,570],"product_tag":[],"class_list":{"0":"post-3390","1":"product","2":"type-product","3":"status-publish","4":"has-post-thumbnail","6":"product_cat-masaustu","7":"product_cat-zimba-ve-teli","9":"first","10":"instock","11":"sale","12":"purchasable","13":"product-type-simple"},"jetpack_sharing_enabled":true,"_links":{"self":[{"href":"https:\/\/www.sokekirtasiye.com\/index.php?rest_route=\/wp\/v2\/product\/3390","targetHints":{"allow":["GET"]}}],"collection":[{"href":"https:\/\/www.sokekirtasiye.com\/index.php?rest_route=\/wp\/v2\/product"}],"about":[{"href":"https:\/\/www.sokekirtasiye.com\/index.php?rest_route=\/wp\/v2\/types\/product"}],"replies":[{"embeddable":true,"href":"https:\/\/www.sokekirtasiye.com\/index.php?rest_route=%2Fwp%2Fv2%2Fcomments&post=3390"}],"version-history":[{"count":0,"href":"https:\/\/www.sokekirtasiye.com\/index.php?rest_route=\/wp\/v2\/product\/3390\/revisions"}],"wp:featuredmedia":[{"embeddable":true,"href":"https:\/\/www.sokekirtasiye.com\/index.php?rest_route=\/wp\/v2\/media\/8244"}],"wp:attachment":[{"href":"https:\/\/www.sokekirtasiye.com\/index.php?rest_route=%2Fwp%2Fv2%2Fmedia&parent=3390"}],"wp:term":[{"taxonomy":"product_brand","embeddable":true,"href":"https:\/\/www.sokekirtasiye.com\/index.php?rest_route=%2Fwp%2Fv2%2Fproduct_brand&post=3390"},{"taxonomy":"product_cat","embeddable":true,"href":"https:\/\/www.sokekirtasiye.com\/index.php?rest_route=%2Fwp%2Fv2%2Fproduct_cat&post=3390"},{"taxonomy":"product_tag","embeddable":true,"href":"https:\/\/www.sokekirtasiye.com\/index.php?rest_route=%2Fwp%2Fv2%2Fproduct_tag&post=3390"}],"curies":[{"name":"wp","href":"https:\/\/api.w.org\/{rel}","templated":true}]}}