{"id":3664,"date":"2020-10-27T10:24:16","date_gmt":"2020-10-27T07:24:16","guid":{"rendered":"https:\/\/www.ilknurkirtasiye.com\/?post_type=product&amp;p=3664"},"modified":"2020-10-27T10:24:16","modified_gmt":"2020-10-27T07:24:16","slug":"printer-seridi-epson-erc-23","status":"publish","type":"product","link":"https:\/\/www.sokekirtasiye.com\/?product=printer-seridi-epson-erc-23","title":{"rendered":"Yaz\u0131c\u0131 \u015eeridi Epson Erc-23 \/ Printpen 13028"},"content":{"rendered":"<h4 class=\"umol\">Uyumlu Modeller<\/h4>\n<table class=\"modellist\" border=\"0\" width=\"100%\">\n<tbody>\n<tr>\n<td class=\"maintitle\" colspan=\"2\">EPSON<\/td>\n<\/tr>\n<tr>\n<td width=\"200\">ERC-23P<\/td>\n<td>250, 252, 255, 257, 260, 262, 264, 265, 267, 270, 280, 280A, 280V, 300D, ERC-23, M17-JB, M250, M252, M255, M257, M260, M262, M264, M265, M267, M270, M280, M280A, M280V, RP-265, TM-267, TM-270, TM-300A, TM-U260, TM-U262<\/td>\n<\/tr>\n<tr>\n<td class=\"maintitle\" colspan=\"2\">IBM<\/td>\n<\/tr>\n<tr>\n<td width=\"200\">84F6708<\/td>\n<td>4651, , 4655, 4661<\/td>\n<\/tr>\n<tr>\n<td class=\"maintitle\" colspan=\"2\">MICROS<\/td>\n<\/tr>\n<tr>\n<td width=\"200\"><\/td>\n<td>1200W, 1700, 2700, 4000W<\/td>\n<\/tr>\n<tr>\n<td class=\"maintitle\" colspan=\"2\">NCR<\/td>\n<\/tr>\n<tr>\n<td width=\"200\"><\/td>\n<td>Accesspoint, 2170W\/2173, 2170 W\/7160, 2174, 2190, 7161, 7445, 7454<\/td>\n<\/tr>\n<tr>\n<td class=\"maintitle\" colspan=\"2\">SHARP<\/td>\n<\/tr>\n<tr>\n<td width=\"200\"><\/td>\n<td>ER-2975, ER-3210<\/td>\n<\/tr>\n<tr>\n<td class=\"maintitle\" colspan=\"2\">WINCOR NIXDORF<\/td>\n<\/tr>\n<tr>\n<td width=\"200\"><\/td>\n<td>ND-62<\/td>\n<\/tr>\n<\/tbody>\n<\/table>\n<p>&nbsp;<\/p>\n","protected":false},"excerpt":{"rendered":"<p>Uyumlu Modeller EPSON ERC-23P 250, 252, 255, 257, 260, 262, 264, 265, 267, 270, 280, 280A, 280V, 300D, ERC-23, M17-JB,<\/p>\n","protected":false},"featured_media":7944,"comment_status":"open","ping_status":"closed","template":"","meta":{"advanced_seo_description":"","jetpack_seo_html_title":"","jetpack_seo_noindex":false,"_joinchat":[]},"product_brand":[],"product_cat":[603,567],"product_tag":[],"class_list":{"0":"post-3664","1":"product","2":"type-product","3":"status-publish","4":"has-post-thumbnail","6":"product_cat-serit","7":"product_cat-yazici-aksesuari","9":"first","10":"instock","11":"sale","12":"purchasable","13":"product-type-simple"},"jetpack_sharing_enabled":true,"_links":{"self":[{"href":"https:\/\/www.sokekirtasiye.com\/index.php?rest_route=\/wp\/v2\/product\/3664","targetHints":{"allow":["GET"]}}],"collection":[{"href":"https:\/\/www.sokekirtasiye.com\/index.php?rest_route=\/wp\/v2\/product"}],"about":[{"href":"https:\/\/www.sokekirtasiye.com\/index.php?rest_route=\/wp\/v2\/types\/product"}],"replies":[{"embeddable":true,"href":"https:\/\/www.sokekirtasiye.com\/index.php?rest_route=%2Fwp%2Fv2%2Fcomments&post=3664"}],"version-history":[{"count":0,"href":"https:\/\/www.sokekirtasiye.com\/index.php?rest_route=\/wp\/v2\/product\/3664\/revisions"}],"wp:featuredmedia":[{"embeddable":true,"href":"https:\/\/www.sokekirtasiye.com\/index.php?rest_route=\/wp\/v2\/media\/7944"}],"wp:attachment":[{"href":"https:\/\/www.sokekirtasiye.com\/index.php?rest_route=%2Fwp%2Fv2%2Fmedia&parent=3664"}],"wp:term":[{"taxonomy":"product_brand","embeddable":true,"href":"https:\/\/www.sokekirtasiye.com\/index.php?rest_route=%2Fwp%2Fv2%2Fproduct_brand&post=3664"},{"taxonomy":"product_cat","embeddable":true,"href":"https:\/\/www.sokekirtasiye.com\/index.php?rest_route=%2Fwp%2Fv2%2Fproduct_cat&post=3664"},{"taxonomy":"product_tag","embeddable":true,"href":"https:\/\/www.sokekirtasiye.com\/index.php?rest_route=%2Fwp%2Fv2%2Fproduct_tag&post=3664"}],"curies":[{"name":"wp","href":"https:\/\/api.w.org\/{rel}","templated":true}]}}