{"id":3667,"date":"2020-10-27T23:44:05","date_gmt":"2020-10-27T20:44:05","guid":{"rendered":"https:\/\/www.ilknurkirtasiye.com\/?post_type=product&amp;p=3667"},"modified":"2020-10-27T23:44:05","modified_gmt":"2020-10-27T20:44:05","slug":"yazici-seridi-panasonic-kxp-170-printpen","status":"publish","type":"product","link":"https:\/\/www.sokekirtasiye.com\/?product=yazici-seridi-panasonic-kxp-170-printpen","title":{"rendered":"Yaz\u0131c\u0131 \u015eeridi Panasonic Kxp-170 \/ Printpen 11046"},"content":{"rendered":"<h4 class=\"umol\">Uyumlu Modeller<\/h4>\n<table class=\"modellist\" border=\"0\" width=\"100%\">\n<tbody>\n<tr>\n<td class=\"maintitle\" colspan=\"2\">PANASONIC<\/td>\n<\/tr>\n<tr>\n<td width=\"200\">KX-P170<\/td>\n<td>KXP170, KXP3626, KXP3696<\/td>\n<\/tr>\n<tr>\n<td class=\"maintitle\" colspan=\"2\">PANASONIC<\/td>\n<\/tr>\n<tr>\n<td width=\"200\">KX-P170<\/td>\n<td>KXP170, KXP1694, KXP3626, KXP3696<\/td>\n<\/tr>\n<\/tbody>\n<\/table>\n<p>&nbsp;<\/p>\n","protected":false},"excerpt":{"rendered":"<p>Uyumlu Modeller PANASONIC KX-P170 KXP170, KXP3626, KXP3696 PANASONIC KX-P170 KXP170, KXP1694, KXP3626, KXP3696 &nbsp;<\/p>\n","protected":false},"featured_media":7958,"comment_status":"open","ping_status":"closed","template":"","meta":{"advanced_seo_description":"","jetpack_seo_html_title":"","jetpack_seo_noindex":false,"_joinchat":[]},"product_brand":[],"product_cat":[603,567],"product_tag":[],"class_list":{"0":"post-3667","1":"product","2":"type-product","3":"status-publish","4":"has-post-thumbnail","6":"product_cat-serit","7":"product_cat-yazici-aksesuari","9":"first","10":"instock","11":"sale","12":"taxable","13":"shipping-taxable","14":"purchasable","15":"product-type-simple"},"jetpack_sharing_enabled":true,"_links":{"self":[{"href":"https:\/\/www.sokekirtasiye.com\/index.php?rest_route=\/wp\/v2\/product\/3667","targetHints":{"allow":["GET"]}}],"collection":[{"href":"https:\/\/www.sokekirtasiye.com\/index.php?rest_route=\/wp\/v2\/product"}],"about":[{"href":"https:\/\/www.sokekirtasiye.com\/index.php?rest_route=\/wp\/v2\/types\/product"}],"replies":[{"embeddable":true,"href":"https:\/\/www.sokekirtasiye.com\/index.php?rest_route=%2Fwp%2Fv2%2Fcomments&post=3667"}],"version-history":[{"count":0,"href":"https:\/\/www.sokekirtasiye.com\/index.php?rest_route=\/wp\/v2\/product\/3667\/revisions"}],"wp:featuredmedia":[{"embeddable":true,"href":"https:\/\/www.sokekirtasiye.com\/index.php?rest_route=\/wp\/v2\/media\/7958"}],"wp:attachment":[{"href":"https:\/\/www.sokekirtasiye.com\/index.php?rest_route=%2Fwp%2Fv2%2Fmedia&parent=3667"}],"wp:term":[{"taxonomy":"product_brand","embeddable":true,"href":"https:\/\/www.sokekirtasiye.com\/index.php?rest_route=%2Fwp%2Fv2%2Fproduct_brand&post=3667"},{"taxonomy":"product_cat","embeddable":true,"href":"https:\/\/www.sokekirtasiye.com\/index.php?rest_route=%2Fwp%2Fv2%2Fproduct_cat&post=3667"},{"taxonomy":"product_tag","embeddable":true,"href":"https:\/\/www.sokekirtasiye.com\/index.php?rest_route=%2Fwp%2Fv2%2Fproduct_tag&post=3667"}],"curies":[{"name":"wp","href":"https:\/\/api.w.org\/{rel}","templated":true}]}}