{"id":4012,"date":"2020-11-05T23:50:33","date_gmt":"2020-11-05T20:50:33","guid":{"rendered":"https:\/\/www.ilknurkirtasiye.com\/?post_type=product&amp;p=4012"},"modified":"2020-11-05T23:50:33","modified_gmt":"2020-11-05T20:50:33","slug":"stabilo-boss-fosforlu-kalem-pembe-70-56","status":"publish","type":"product","link":"https:\/\/www.sokekirtasiye.com\/?product=stabilo-boss-fosforlu-kalem-pembe-70-56","title":{"rendered":"Stab\u0131lo Boss Fosforlu Kalem Pembe 70\/56"},"content":{"rendered":"<h4>\u00dcr\u00fcn \u00d6zellikleri:<\/h4>\n<p>&nbsp;<\/p>\n<ul>\n<li>1971&#8217;den Beri E\u015fsiz Tasar\u0131m Klasi\u011fi<\/li>\n<li>STABILO Kurumaya Kar\u015f\u0131 Etkili Koruma Teknolojisi: Yo\u011funla\u015ft\u0131\u011f\u0131n\u0131z \u0130\u015fleriniz \u0130\u00e7in 4 Saate Kadar Kurumaya Kar\u015f\u0131 Etkili Koruma<\/li>\n<li>2+5 Mm 2 \u00c7izgi Geni\u015fli\u011fi &#8211; Ek A\u00e7\u0131klama, Alt\u0131n\u0131 \u00c7izme Ve \u00c7izgili Sat\u0131rlar \u0130\u00e7in Kal\u0131n \u00c7izgiler<\/li>\n<li>Su Bazl\u0131 M\u00fcrekkep<\/li>\n<\/ul>\n","protected":false},"excerpt":{"rendered":"<p>\u00dcr\u00fcn \u00d6zellikleri: &nbsp; 1971&#8217;den Beri E\u015fsiz Tasar\u0131m Klasi\u011fi STABILO Kurumaya Kar\u015f\u0131 Etkili Koruma Teknolojisi: Yo\u011funla\u015ft\u0131\u011f\u0131n\u0131z \u0130\u015fleriniz \u0130\u00e7in 4 Saate Kadar<\/p>\n","protected":false},"featured_media":8101,"comment_status":"open","ping_status":"closed","template":"","meta":{"advanced_seo_description":"","jetpack_seo_html_title":"","jetpack_seo_noindex":false,"_joinchat":[]},"product_brand":[],"product_cat":[586,513],"product_tag":[],"class_list":{"0":"post-4012","1":"product","2":"type-product","3":"status-publish","4":"has-post-thumbnail","6":"product_cat-fosforlu-kalem","7":"product_cat-kalem","9":"first","10":"instock","11":"sale","12":"purchasable","13":"product-type-simple"},"jetpack_sharing_enabled":true,"_links":{"self":[{"href":"https:\/\/www.sokekirtasiye.com\/index.php?rest_route=\/wp\/v2\/product\/4012","targetHints":{"allow":["GET"]}}],"collection":[{"href":"https:\/\/www.sokekirtasiye.com\/index.php?rest_route=\/wp\/v2\/product"}],"about":[{"href":"https:\/\/www.sokekirtasiye.com\/index.php?rest_route=\/wp\/v2\/types\/product"}],"replies":[{"embeddable":true,"href":"https:\/\/www.sokekirtasiye.com\/index.php?rest_route=%2Fwp%2Fv2%2Fcomments&post=4012"}],"version-history":[{"count":0,"href":"https:\/\/www.sokekirtasiye.com\/index.php?rest_route=\/wp\/v2\/product\/4012\/revisions"}],"wp:featuredmedia":[{"embeddable":true,"href":"https:\/\/www.sokekirtasiye.com\/index.php?rest_route=\/wp\/v2\/media\/8101"}],"wp:attachment":[{"href":"https:\/\/www.sokekirtasiye.com\/index.php?rest_route=%2Fwp%2Fv2%2Fmedia&parent=4012"}],"wp:term":[{"taxonomy":"product_brand","embeddable":true,"href":"https:\/\/www.sokekirtasiye.com\/index.php?rest_route=%2Fwp%2Fv2%2Fproduct_brand&post=4012"},{"taxonomy":"product_cat","embeddable":true,"href":"https:\/\/www.sokekirtasiye.com\/index.php?rest_route=%2Fwp%2Fv2%2Fproduct_cat&post=4012"},{"taxonomy":"product_tag","embeddable":true,"href":"https:\/\/www.sokekirtasiye.com\/index.php?rest_route=%2Fwp%2Fv2%2Fproduct_tag&post=4012"}],"curies":[{"name":"wp","href":"https:\/\/api.w.org\/{rel}","templated":true}]}}