{"id":4181,"date":"2020-11-07T18:59:58","date_gmt":"2020-11-07T15:59:58","guid":{"rendered":"https:\/\/www.ilknurkirtasiye.com\/?post_type=product&amp;p=4181"},"modified":"2020-11-07T18:59:58","modified_gmt":"2020-11-07T15:59:58","slug":"ozkan-arsiv-karton-genis-klasor-5-li","status":"publish","type":"product","link":"https:\/\/www.sokekirtasiye.com\/?product=ozkan-arsiv-karton-genis-klasor-5-li","title":{"rendered":"\u00d6zkan Ar\u015fiv Karton Geni\u015f Klas\u00f6r 5 Li"},"content":{"rendered":"","protected":false},"excerpt":{"rendered":"","protected":false},"featured_media":7843,"comment_status":"open","ping_status":"closed","template":"","meta":{"advanced_seo_description":"","jetpack_seo_html_title":"","jetpack_seo_noindex":false,"_joinchat":[]},"product_brand":[],"product_cat":[575,501],"product_tag":[],"class_list":{"0":"post-4181","1":"product","2":"type-product","3":"status-publish","4":"has-post-thumbnail","6":"product_cat-arsiv-klasor","7":"product_cat-dosyalama","9":"first","10":"instock","11":"sale","12":"purchasable","13":"product-type-simple"},"jetpack_sharing_enabled":true,"_links":{"self":[{"href":"https:\/\/www.sokekirtasiye.com\/index.php?rest_route=\/wp\/v2\/product\/4181","targetHints":{"allow":["GET"]}}],"collection":[{"href":"https:\/\/www.sokekirtasiye.com\/index.php?rest_route=\/wp\/v2\/product"}],"about":[{"href":"https:\/\/www.sokekirtasiye.com\/index.php?rest_route=\/wp\/v2\/types\/product"}],"replies":[{"embeddable":true,"href":"https:\/\/www.sokekirtasiye.com\/index.php?rest_route=%2Fwp%2Fv2%2Fcomments&post=4181"}],"version-history":[{"count":0,"href":"https:\/\/www.sokekirtasiye.com\/index.php?rest_route=\/wp\/v2\/product\/4181\/revisions"}],"wp:featuredmedia":[{"embeddable":true,"href":"https:\/\/www.sokekirtasiye.com\/index.php?rest_route=\/wp\/v2\/media\/7843"}],"wp:attachment":[{"href":"https:\/\/www.sokekirtasiye.com\/index.php?rest_route=%2Fwp%2Fv2%2Fmedia&parent=4181"}],"wp:term":[{"taxonomy":"product_brand","embeddable":true,"href":"https:\/\/www.sokekirtasiye.com\/index.php?rest_route=%2Fwp%2Fv2%2Fproduct_brand&post=4181"},{"taxonomy":"product_cat","embeddable":true,"href":"https:\/\/www.sokekirtasiye.com\/index.php?rest_route=%2Fwp%2Fv2%2Fproduct_cat&post=4181"},{"taxonomy":"product_tag","embeddable":true,"href":"https:\/\/www.sokekirtasiye.com\/index.php?rest_route=%2Fwp%2Fv2%2Fproduct_tag&post=4181"}],"curies":[{"name":"wp","href":"https:\/\/api.w.org\/{rel}","templated":true}]}}