{"id":4572,"date":"2020-11-21T20:51:12","date_gmt":"2020-11-21T17:51:12","guid":{"rendered":"https:\/\/www.ilknurkirtasiye.com\/?post_type=product&#038;p=4572"},"modified":"2022-02-10T18:55:11","modified_gmt":"2022-02-10T18:55:11","slug":"leitz-poset-dosya-a4","status":"publish","type":"product","link":"https:\/\/www.sokekirtasiye.com\/?product=leitz-poset-dosya-a4","title":{"rendered":"Leitz Poset Dosya A4"},"content":{"rendered":"<p>Leitz Po\u015fet Dosya A4 11 Delikli (100 Adet) Buzlu<\/p>\n<div class=\"span12\">\n<div class=\"pad\">\n<h2><strong>\u00d6zellikler<\/strong><\/h2>\n<p>A4 Delikli Po\u015fet 23.2 x 30 cm \/ A4<\/p>\n<\/div>\n<\/div>\n<div class=\"span12\">\n<div class=\"pad details\">\n<h3 class=\"upperline details__header\"><strong>\u00d6zellikler<\/strong><\/h3>\n<div class=\"details-box\">\n<table>\n<tbody>\n<tr>\n<td>Kod<\/td>\n<td>479610<\/td>\n<\/tr>\n<tr>\n<td>Renk<\/td>\n<td>\u015eeffaf (Buzlu)<\/td>\n<\/tr>\n<tr>\n<td>Materyal<\/td>\n<td>\u015eeffaf (Buzlu)<\/td>\n<\/tr>\n<tr>\n<td>\u00d6l\u00e7\u00fcler<\/td>\n<td>230 x 1 x 305<\/td>\n<\/tr>\n<tr>\n<td>Format<\/td>\n<td>A4<\/td>\n<\/tr>\n<tr>\n<td>A\u011f\u0131rl\u0131k<\/td>\n<td>0,01<\/td>\n<\/tr>\n<\/tbody>\n<\/table>\n<\/div>\n<\/div>\n<\/div>\n","protected":false},"excerpt":{"rendered":"<p>Stok Kodu : L-4796<\/p>\n","protected":false},"featured_media":8168,"comment_status":"open","ping_status":"closed","template":"","meta":{"advanced_seo_description":"","jetpack_seo_html_title":"","jetpack_seo_noindex":false,"_joinchat":[]},"product_brand":[],"product_cat":[501,535],"product_tag":[],"class_list":{"0":"post-4572","1":"product","2":"type-product","3":"status-publish","4":"has-post-thumbnail","6":"product_cat-dosyalama","7":"product_cat-poset-dosya","9":"first","10":"instock","11":"sale","12":"taxable","13":"shipping-taxable","14":"purchasable","15":"product-type-simple"},"jetpack_sharing_enabled":true,"_links":{"self":[{"href":"https:\/\/www.sokekirtasiye.com\/index.php?rest_route=\/wp\/v2\/product\/4572","targetHints":{"allow":["GET"]}}],"collection":[{"href":"https:\/\/www.sokekirtasiye.com\/index.php?rest_route=\/wp\/v2\/product"}],"about":[{"href":"https:\/\/www.sokekirtasiye.com\/index.php?rest_route=\/wp\/v2\/types\/product"}],"replies":[{"embeddable":true,"href":"https:\/\/www.sokekirtasiye.com\/index.php?rest_route=%2Fwp%2Fv2%2Fcomments&post=4572"}],"version-history":[{"count":1,"href":"https:\/\/www.sokekirtasiye.com\/index.php?rest_route=\/wp\/v2\/product\/4572\/revisions"}],"predecessor-version":[{"id":8948,"href":"https:\/\/www.sokekirtasiye.com\/index.php?rest_route=\/wp\/v2\/product\/4572\/revisions\/8948"}],"wp:featuredmedia":[{"embeddable":true,"href":"https:\/\/www.sokekirtasiye.com\/index.php?rest_route=\/wp\/v2\/media\/8168"}],"wp:attachment":[{"href":"https:\/\/www.sokekirtasiye.com\/index.php?rest_route=%2Fwp%2Fv2%2Fmedia&parent=4572"}],"wp:term":[{"taxonomy":"product_brand","embeddable":true,"href":"https:\/\/www.sokekirtasiye.com\/index.php?rest_route=%2Fwp%2Fv2%2Fproduct_brand&post=4572"},{"taxonomy":"product_cat","embeddable":true,"href":"https:\/\/www.sokekirtasiye.com\/index.php?rest_route=%2Fwp%2Fv2%2Fproduct_cat&post=4572"},{"taxonomy":"product_tag","embeddable":true,"href":"https:\/\/www.sokekirtasiye.com\/index.php?rest_route=%2Fwp%2Fv2%2Fproduct_tag&post=4572"}],"curies":[{"name":"wp","href":"https:\/\/api.w.org\/{rel}","templated":true}]}}