{"id":7757,"date":"2021-09-25T09:36:35","date_gmt":"2021-09-25T09:36:35","guid":{"rendered":"https:\/\/www.ilknurkirtasiye.com\/?post_type=product&#038;p=7757"},"modified":"2022-02-10T18:40:44","modified_gmt":"2022-02-10T18:40:44","slug":"mimaks-keceli-kalem-12-renk","status":"publish","type":"product","link":"https:\/\/www.sokekirtasiye.com\/?product=mimaks-keceli-kalem-12-renk","title":{"rendered":"Mimaks Ke\u00e7eli Kalem 12 Renk"},"content":{"rendered":"<ul>\n<li>Y\u0131kanabilir M\u00fcrekkep<\/li>\n<li>Havaland\u0131rmal\u0131 Kapak<\/li>\n<\/ul>\n","protected":false},"excerpt":{"rendered":"<p>Y\u0131kanabilir M\u00fcrekkep Havaland\u0131rmal\u0131 Kapak<\/p>\n","protected":false},"featured_media":7823,"comment_status":"open","ping_status":"closed","template":"","meta":{"advanced_seo_description":"","jetpack_seo_html_title":"","jetpack_seo_noindex":false,"_joinchat":[]},"product_brand":[],"product_cat":[497,516],"product_tag":[],"class_list":{"0":"post-7757","1":"product","2":"type-product","3":"status-publish","4":"has-post-thumbnail","6":"product_cat-boyama","7":"product_cat-keceli-boya-kalemler","9":"first","10":"instock","11":"sale","12":"purchasable","13":"product-type-simple"},"jetpack_sharing_enabled":true,"_links":{"self":[{"href":"https:\/\/www.sokekirtasiye.com\/index.php?rest_route=\/wp\/v2\/product\/7757","targetHints":{"allow":["GET"]}}],"collection":[{"href":"https:\/\/www.sokekirtasiye.com\/index.php?rest_route=\/wp\/v2\/product"}],"about":[{"href":"https:\/\/www.sokekirtasiye.com\/index.php?rest_route=\/wp\/v2\/types\/product"}],"replies":[{"embeddable":true,"href":"https:\/\/www.sokekirtasiye.com\/index.php?rest_route=%2Fwp%2Fv2%2Fcomments&post=7757"}],"version-history":[{"count":0,"href":"https:\/\/www.sokekirtasiye.com\/index.php?rest_route=\/wp\/v2\/product\/7757\/revisions"}],"wp:featuredmedia":[{"embeddable":true,"href":"https:\/\/www.sokekirtasiye.com\/index.php?rest_route=\/wp\/v2\/media\/7823"}],"wp:attachment":[{"href":"https:\/\/www.sokekirtasiye.com\/index.php?rest_route=%2Fwp%2Fv2%2Fmedia&parent=7757"}],"wp:term":[{"taxonomy":"product_brand","embeddable":true,"href":"https:\/\/www.sokekirtasiye.com\/index.php?rest_route=%2Fwp%2Fv2%2Fproduct_brand&post=7757"},{"taxonomy":"product_cat","embeddable":true,"href":"https:\/\/www.sokekirtasiye.com\/index.php?rest_route=%2Fwp%2Fv2%2Fproduct_cat&post=7757"},{"taxonomy":"product_tag","embeddable":true,"href":"https:\/\/www.sokekirtasiye.com\/index.php?rest_route=%2Fwp%2Fv2%2Fproduct_tag&post=7757"}],"curies":[{"name":"wp","href":"https:\/\/api.w.org\/{rel}","templated":true}]}}