{"id":7841,"date":"2021-09-25T12:29:37","date_gmt":"2021-09-25T12:29:37","guid":{"rendered":"https:\/\/www.ilknurkirtasiye.com\/?post_type=product&amp;p=7841"},"modified":"2021-09-25T12:29:37","modified_gmt":"2021-09-25T12:29:37","slug":"yapiskanli-kece-10-renk-20x30-cm","status":"publish","type":"product","link":"https:\/\/www.sokekirtasiye.com\/?product=yapiskanli-kece-10-renk-20x30-cm","title":{"rendered":"Yap\u0131\u015fkanl\u0131 Ke\u00e7e 10 Renk 20&#215;30 cm"},"content":{"rendered":"","protected":false},"excerpt":{"rendered":"","protected":false},"featured_media":7842,"comment_status":"open","ping_status":"closed","template":"","meta":{"advanced_seo_description":"","jetpack_seo_html_title":"","jetpack_seo_noindex":false,"_joinchat":[]},"product_brand":[],"product_cat":[584,527],"product_tag":[],"class_list":{"0":"post-7841","1":"product","2":"type-product","3":"status-publish","4":"has-post-thumbnail","6":"product_cat-eva-ve-keceler","7":"product_cat-okul-malzemeleri","9":"first","10":"instock","11":"sale","12":"purchasable","13":"product-type-simple"},"jetpack_sharing_enabled":true,"_links":{"self":[{"href":"https:\/\/www.sokekirtasiye.com\/index.php?rest_route=\/wp\/v2\/product\/7841","targetHints":{"allow":["GET"]}}],"collection":[{"href":"https:\/\/www.sokekirtasiye.com\/index.php?rest_route=\/wp\/v2\/product"}],"about":[{"href":"https:\/\/www.sokekirtasiye.com\/index.php?rest_route=\/wp\/v2\/types\/product"}],"replies":[{"embeddable":true,"href":"https:\/\/www.sokekirtasiye.com\/index.php?rest_route=%2Fwp%2Fv2%2Fcomments&post=7841"}],"version-history":[{"count":0,"href":"https:\/\/www.sokekirtasiye.com\/index.php?rest_route=\/wp\/v2\/product\/7841\/revisions"}],"wp:featuredmedia":[{"embeddable":true,"href":"https:\/\/www.sokekirtasiye.com\/index.php?rest_route=\/wp\/v2\/media\/7842"}],"wp:attachment":[{"href":"https:\/\/www.sokekirtasiye.com\/index.php?rest_route=%2Fwp%2Fv2%2Fmedia&parent=7841"}],"wp:term":[{"taxonomy":"product_brand","embeddable":true,"href":"https:\/\/www.sokekirtasiye.com\/index.php?rest_route=%2Fwp%2Fv2%2Fproduct_brand&post=7841"},{"taxonomy":"product_cat","embeddable":true,"href":"https:\/\/www.sokekirtasiye.com\/index.php?rest_route=%2Fwp%2Fv2%2Fproduct_cat&post=7841"},{"taxonomy":"product_tag","embeddable":true,"href":"https:\/\/www.sokekirtasiye.com\/index.php?rest_route=%2Fwp%2Fv2%2Fproduct_tag&post=7841"}],"curies":[{"name":"wp","href":"https:\/\/api.w.org\/{rel}","templated":true}]}}