{"id":8153,"date":"2021-10-03T15:59:11","date_gmt":"2021-10-03T15:59:11","guid":{"rendered":"https:\/\/www.ilknurkirtasiye.com\/?post_type=product&amp;p=8153"},"modified":"2021-10-03T15:59:11","modified_gmt":"2021-10-03T15:59:11","slug":"faber-castell-metalik-fosforlu-kalem-mor","status":"publish","type":"product","link":"https:\/\/www.sokekirtasiye.com\/?product=faber-castell-metalik-fosforlu-kalem-mor","title":{"rendered":"Faber Castell Metalik Fosforlu Kalem Mor"},"content":{"rendered":"<ul>\n<li>M\u00fckemmel Parlakl\u0131k G\u00fcc\u00fc<\/li>\n<li>3 Ayr\u0131 Kal\u0131nl\u0131kta \u0130\u015faretleyebilen \u00d6zel U\u00e7\u00a0 (1,2,5 mm.)<\/li>\n<li>1549 Su Bazl\u0131 M\u00fcrekkep<\/li>\n<li>T\u00fcm Piyasada Bulunan Normal Ve \u00d6zel Ka\u011f\u0131tlar \u0130\u00e7in \u0130deal<\/li>\n<\/ul>\n","protected":false},"excerpt":{"rendered":"<p>M\u00fckemmel Parlakl\u0131k G\u00fcc\u00fc 3 Ayr\u0131 Kal\u0131nl\u0131kta \u0130\u015faretleyebilen \u00d6zel U\u00e7\u00a0 (1,2,5 mm.) 1549 Su Bazl\u0131 M\u00fcrekkep T\u00fcm Piyasada Bulunan Normal Ve<\/p>\n","protected":false},"featured_media":8154,"comment_status":"open","ping_status":"closed","template":"","meta":{"advanced_seo_description":"","jetpack_seo_html_title":"","jetpack_seo_noindex":false,"_joinchat":[]},"product_brand":[],"product_cat":[586,513],"product_tag":[],"class_list":{"0":"post-8153","1":"product","2":"type-product","3":"status-publish","4":"has-post-thumbnail","6":"product_cat-fosforlu-kalem","7":"product_cat-kalem","9":"first","10":"instock","11":"sale","12":"purchasable","13":"product-type-simple"},"jetpack_sharing_enabled":true,"_links":{"self":[{"href":"https:\/\/www.sokekirtasiye.com\/index.php?rest_route=\/wp\/v2\/product\/8153","targetHints":{"allow":["GET"]}}],"collection":[{"href":"https:\/\/www.sokekirtasiye.com\/index.php?rest_route=\/wp\/v2\/product"}],"about":[{"href":"https:\/\/www.sokekirtasiye.com\/index.php?rest_route=\/wp\/v2\/types\/product"}],"replies":[{"embeddable":true,"href":"https:\/\/www.sokekirtasiye.com\/index.php?rest_route=%2Fwp%2Fv2%2Fcomments&post=8153"}],"version-history":[{"count":0,"href":"https:\/\/www.sokekirtasiye.com\/index.php?rest_route=\/wp\/v2\/product\/8153\/revisions"}],"wp:featuredmedia":[{"embeddable":true,"href":"https:\/\/www.sokekirtasiye.com\/index.php?rest_route=\/wp\/v2\/media\/8154"}],"wp:attachment":[{"href":"https:\/\/www.sokekirtasiye.com\/index.php?rest_route=%2Fwp%2Fv2%2Fmedia&parent=8153"}],"wp:term":[{"taxonomy":"product_brand","embeddable":true,"href":"https:\/\/www.sokekirtasiye.com\/index.php?rest_route=%2Fwp%2Fv2%2Fproduct_brand&post=8153"},{"taxonomy":"product_cat","embeddable":true,"href":"https:\/\/www.sokekirtasiye.com\/index.php?rest_route=%2Fwp%2Fv2%2Fproduct_cat&post=8153"},{"taxonomy":"product_tag","embeddable":true,"href":"https:\/\/www.sokekirtasiye.com\/index.php?rest_route=%2Fwp%2Fv2%2Fproduct_tag&post=8153"}],"curies":[{"name":"wp","href":"https:\/\/api.w.org\/{rel}","templated":true}]}}