{"id":8187,"date":"2021-10-07T19:45:32","date_gmt":"2021-10-07T19:45:32","guid":{"rendered":"https:\/\/www.ilknurkirtasiye.com\/?post_type=product&amp;p=8187"},"modified":"2021-10-07T19:45:32","modified_gmt":"2021-10-07T19:45:32","slug":"art-istanbul-profesyonel-tuval-50x70","status":"publish","type":"product","link":"https:\/\/www.sokekirtasiye.com\/?product=art-istanbul-profesyonel-tuval-50x70","title":{"rendered":"Art \u0130stanbul Profesyonel Tuval 50&#215;70"},"content":{"rendered":"<ul>\n<li>Tuval \u00c7er\u00e7eve kal\u0131nl\u0131\u011f\u0131 y\u00fcksekli\u011fi 2.2 Cm.<\/li>\n<li>Tuval i\u00e7e do\u011fru \u00c7er\u00e7eve derinli\u011fi 3.5 Cm.<\/li>\n<li>Standart \u00d6l\u00e7\u00fcler d\u0131\u015f\u0131nda Oval, Elips ve Geometrik olarak belirtilen \u00dc\u00e7gen Alt\u0131gen gibi bi\u00e7imleri de mevcuttur.<\/li>\n<li>Kaliteli\u00a0Keten\u00a0kuma\u015f\u0131ndan \u00fcretilmi\u015ftir.<\/li>\n<li>Tuval bezi Zamanla\u00a0Sararma,\u00a0K\u00fcflenme,\u00a0Esneme\u00a0veya\u00a0Gerilme\u00a0yapmaz.<\/li>\n<li>Keten Tuval bezi \u00fcst\u00fcndeki boyay\u0131 \u00c7atlatma ve Esnetme Yapmaz.<\/li>\n<li>Tuval bezi \u00c7\u0131taya Arkadan \u00e7akmal\u0131d\u0131r.<\/li>\n<li>%100 Pamuktan imal edilmi\u015ftir<\/li>\n<li>Ya\u011fl\u0131 boya ve\u00a0Akrilik\u00a0boya i\u00e7in idealdir.<\/li>\n<li>Akrilik boya ve Guaj Boya ile yap\u0131lan Dekoratif \u00e7al\u0131\u015fmalarda da kullan\u0131labilir.<\/li>\n<li>Asit ve Zehirli madde i\u00e7ermez.<\/li>\n<li>Astarl\u0131d\u0131r<\/li>\n<\/ul>\n","protected":false},"excerpt":{"rendered":"<p>Tuval \u00c7er\u00e7eve kal\u0131nl\u0131\u011f\u0131 y\u00fcksekli\u011fi 2.2 Cm. Tuval i\u00e7e do\u011fru \u00c7er\u00e7eve derinli\u011fi 3.5 Cm. Standart \u00d6l\u00e7\u00fcler d\u0131\u015f\u0131nda Oval, Elips ve Geometrik<\/p>\n","protected":false},"featured_media":8207,"comment_status":"open","ping_status":"closed","template":"","meta":{"advanced_seo_description":"","jetpack_seo_html_title":"","jetpack_seo_noindex":false,"_joinchat":[]},"product_brand":[],"product_cat":[497,559],"product_tag":[],"class_list":{"0":"post-8187","1":"product","2":"type-product","3":"status-publish","4":"has-post-thumbnail","6":"product_cat-boyama","7":"product_cat-tuval","9":"first","10":"instock","11":"sale","12":"purchasable","13":"product-type-simple"},"jetpack_sharing_enabled":true,"_links":{"self":[{"href":"https:\/\/www.sokekirtasiye.com\/index.php?rest_route=\/wp\/v2\/product\/8187","targetHints":{"allow":["GET"]}}],"collection":[{"href":"https:\/\/www.sokekirtasiye.com\/index.php?rest_route=\/wp\/v2\/product"}],"about":[{"href":"https:\/\/www.sokekirtasiye.com\/index.php?rest_route=\/wp\/v2\/types\/product"}],"replies":[{"embeddable":true,"href":"https:\/\/www.sokekirtasiye.com\/index.php?rest_route=%2Fwp%2Fv2%2Fcomments&post=8187"}],"version-history":[{"count":0,"href":"https:\/\/www.sokekirtasiye.com\/index.php?rest_route=\/wp\/v2\/product\/8187\/revisions"}],"wp:featuredmedia":[{"embeddable":true,"href":"https:\/\/www.sokekirtasiye.com\/index.php?rest_route=\/wp\/v2\/media\/8207"}],"wp:attachment":[{"href":"https:\/\/www.sokekirtasiye.com\/index.php?rest_route=%2Fwp%2Fv2%2Fmedia&parent=8187"}],"wp:term":[{"taxonomy":"product_brand","embeddable":true,"href":"https:\/\/www.sokekirtasiye.com\/index.php?rest_route=%2Fwp%2Fv2%2Fproduct_brand&post=8187"},{"taxonomy":"product_cat","embeddable":true,"href":"https:\/\/www.sokekirtasiye.com\/index.php?rest_route=%2Fwp%2Fv2%2Fproduct_cat&post=8187"},{"taxonomy":"product_tag","embeddable":true,"href":"https:\/\/www.sokekirtasiye.com\/index.php?rest_route=%2Fwp%2Fv2%2Fproduct_tag&post=8187"}],"curies":[{"name":"wp","href":"https:\/\/api.w.org\/{rel}","templated":true}]}}