{"id":8363,"date":"2021-10-13T08:34:16","date_gmt":"2021-10-13T08:34:16","guid":{"rendered":"https:\/\/www.ilknurkirtasiye.com\/?post_type=product&amp;p=8363"},"modified":"2021-10-13T08:34:16","modified_gmt":"2021-10-13T08:34:16","slug":"mankii-54-parca-denge-oyunu","status":"publish","type":"product","link":"https:\/\/www.sokekirtasiye.com\/?product=mankii-54-parca-denge-oyunu","title":{"rendered":"Mankii 54 Par\u00e7a Denge Oyunu"},"content":{"rendered":"<ul>\n<li>\n<h5>Kuleyi Kurun Bloklar\u0131 \u00c7ekin ve \u00c7ekti\u011finiz Bloklar\u0131 En \u00dcste Dizerek Kuleyi Y\u00fckseltin.<\/h5>\n<\/li>\n<li>\n<h5>Bloklar\u0131 Tek Elinizle \u00c7ekin.<\/h5>\n<\/li>\n<li>\n<h5>Ne Kadar \u00c7ok Oyuncu O kadar \u00c7ok E\u011flence.<\/h5>\n<\/li>\n<li>\n<h5>Kule Y\u0131k\u0131lana Kadar Bloklar\u0131 \u00c7ekmeye Devam Edin.<\/h5>\n<\/li>\n<li>\n<h5>Kuleyi Y\u0131kan Oyunu Kaybeder ve Kuleyi Tekrar Kurar!<\/h5>\n<\/li>\n<\/ul>\n","protected":false},"excerpt":{"rendered":"<p>Kuleyi Kurun Bloklar\u0131 \u00c7ekin ve \u00c7ekti\u011finiz Bloklar\u0131 En \u00dcste Dizerek Kuleyi Y\u00fckseltin. Bloklar\u0131 Tek Elinizle \u00c7ekin. Ne Kadar \u00c7ok Oyuncu<\/p>\n","protected":false},"featured_media":8370,"comment_status":"open","ping_status":"closed","template":"","meta":{"advanced_seo_description":"","jetpack_seo_html_title":"","jetpack_seo_noindex":false,"_joinchat":[]},"product_brand":[],"product_cat":[530],"product_tag":[],"class_list":{"0":"post-8363","1":"product","2":"type-product","3":"status-publish","4":"has-post-thumbnail","6":"product_cat-oyuncak","8":"first","9":"instock","10":"sale","11":"purchasable","12":"product-type-simple"},"jetpack_sharing_enabled":true,"_links":{"self":[{"href":"https:\/\/www.sokekirtasiye.com\/index.php?rest_route=\/wp\/v2\/product\/8363","targetHints":{"allow":["GET"]}}],"collection":[{"href":"https:\/\/www.sokekirtasiye.com\/index.php?rest_route=\/wp\/v2\/product"}],"about":[{"href":"https:\/\/www.sokekirtasiye.com\/index.php?rest_route=\/wp\/v2\/types\/product"}],"replies":[{"embeddable":true,"href":"https:\/\/www.sokekirtasiye.com\/index.php?rest_route=%2Fwp%2Fv2%2Fcomments&post=8363"}],"version-history":[{"count":0,"href":"https:\/\/www.sokekirtasiye.com\/index.php?rest_route=\/wp\/v2\/product\/8363\/revisions"}],"wp:featuredmedia":[{"embeddable":true,"href":"https:\/\/www.sokekirtasiye.com\/index.php?rest_route=\/wp\/v2\/media\/8370"}],"wp:attachment":[{"href":"https:\/\/www.sokekirtasiye.com\/index.php?rest_route=%2Fwp%2Fv2%2Fmedia&parent=8363"}],"wp:term":[{"taxonomy":"product_brand","embeddable":true,"href":"https:\/\/www.sokekirtasiye.com\/index.php?rest_route=%2Fwp%2Fv2%2Fproduct_brand&post=8363"},{"taxonomy":"product_cat","embeddable":true,"href":"https:\/\/www.sokekirtasiye.com\/index.php?rest_route=%2Fwp%2Fv2%2Fproduct_cat&post=8363"},{"taxonomy":"product_tag","embeddable":true,"href":"https:\/\/www.sokekirtasiye.com\/index.php?rest_route=%2Fwp%2Fv2%2Fproduct_tag&post=8363"}],"curies":[{"name":"wp","href":"https:\/\/api.w.org\/{rel}","templated":true}]}}