{"id":8454,"date":"2021-10-14T20:08:10","date_gmt":"2021-10-14T20:08:10","guid":{"rendered":"https:\/\/www.ilknurkirtasiye.com\/?post_type=product&#038;p=8454"},"modified":"2025-09-19T11:05:02","modified_gmt":"2025-09-19T11:05:02","slug":"pensan-buro-tukenmez-kalem-kirmizi","status":"publish","type":"product","link":"https:\/\/www.sokekirtasiye.com\/?product=pensan-buro-tukenmez-kalem-kirmizi","title":{"rendered":"Pensan B\u00fcro T\u00fckenmez Kalem K\u0131rm\u0131z\u0131"},"content":{"rendered":"<ul>\n<li><strong><span style=\"vertical-align: inherit;\"><span style=\"vertical-align: inherit;\">B\u00fcro <\/span><\/span><\/strong><span style=\"vertical-align: inherit;\"><span style=\"vertical-align: inherit;\">T\u00dcKENMEZ KALEMLER<\/span><\/span><\/li>\n<li><span style=\"vertical-align: inherit;\"><span style=\"vertical-align: inherit;\">\u00a0TC Top 1.0 mm<\/span><\/span><\/li>\n<li><span style=\"vertical-align: inherit;\"><span style=\"vertical-align: inherit;\">\u00a0Kaliteli \u0130svi\u00e7re yap\u0131m\u0131 nikel-g\u00fcm\u00fc\u015f u\u00e7<\/span><\/span><\/li>\n<li><span style=\"vertical-align: inherit;\"><span style=\"vertical-align: inherit;\">\u00a0M\u00fckemmel yaz\u0131m ve \u00e7izim kalitesi<\/span><\/span><\/li>\n<li><span style=\"vertical-align: inherit;\"><span style=\"vertical-align: inherit;\">\u00a0D\u00f6k\u00fcman kullan\u0131m\u0131na uygun<\/span><\/span><\/li>\n<li><span style=\"vertical-align: inherit;\"><span style=\"vertical-align: inherit;\">\u00a0Ekstra d\u00fc\u015f\u00fck ak\u0131\u015fkanl\u0131 m\u00fcrekkep<\/span><\/span><\/li>\n<li><span style=\"vertical-align: inherit;\"><span style=\"vertical-align: inherit;\">Pensan B\u00fcro \u0130svi\u00e7re yap\u0131m\u0131 nikel-g\u00fcm\u00fc\u015f u\u00e7 ile hem kaliteli bir yaz\u0131m sa\u011flar hem de uzun s\u00fcre dayan\u0131r.<\/span><\/span><\/li>\n<li><span style=\"vertical-align: inherit;\"><span style=\"vertical-align: inherit;\">Ekstra d\u00fc\u015f\u00fck ak\u0131\u015fkanl\u0131 m\u00fcrekkebi ile yaz\u0131lar\u0131n\u0131z da\u011f\u0131lmaz ve daha uzun s\u00fcreli dayan\u0131kl\u0131l\u0131k g\u00f6sterir.<\/span><\/span><\/li>\n<li><span style=\"vertical-align: inherit;\"><span style=\"vertical-align: inherit;\">Konforlu ve ergonomik bir tutu\u015f i\u00e7in yuvarlak bir tasar\u0131ma sahiptir.<\/span><\/span><\/li>\n<li><span style=\"vertical-align: inherit;\"><span style=\"vertical-align: inherit;\">Konfor, sadelik ve y\u00fcksek performans arayan t\u00fcketicilerimizi Pensan B\u00fcro\u2019nun modern tarz\u0131 ile bulu\u015fturuyoruz.<\/span><\/span><\/li>\n<\/ul>\n","protected":false},"excerpt":{"rendered":"<p>B\u00fcro T\u00dcKENMEZ KALEMLER \u00a0TC Top 1.0 mm \u00a0Kaliteli \u0130svi\u00e7re yap\u0131m\u0131 nikel-g\u00fcm\u00fc\u015f u\u00e7 \u00a0M\u00fckemmel yaz\u0131m ve \u00e7izim kalitesi \u00a0D\u00f6k\u00fcman kullan\u0131m\u0131na uygun<\/p>\n","protected":false},"featured_media":8931,"comment_status":"open","ping_status":"closed","template":"","meta":{"advanced_seo_description":"","jetpack_seo_html_title":"","jetpack_seo_noindex":false,"_joinchat":[]},"product_brand":[],"product_cat":[513,558],"product_tag":[],"class_list":{"0":"post-8454","1":"product","2":"type-product","3":"status-publish","4":"has-post-thumbnail","6":"product_cat-kalem","7":"product_cat-tukenmez-kalem","9":"first","10":"instock","11":"purchasable","12":"product-type-simple"},"jetpack_sharing_enabled":true,"_links":{"self":[{"href":"https:\/\/www.sokekirtasiye.com\/index.php?rest_route=\/wp\/v2\/product\/8454","targetHints":{"allow":["GET"]}}],"collection":[{"href":"https:\/\/www.sokekirtasiye.com\/index.php?rest_route=\/wp\/v2\/product"}],"about":[{"href":"https:\/\/www.sokekirtasiye.com\/index.php?rest_route=\/wp\/v2\/types\/product"}],"replies":[{"embeddable":true,"href":"https:\/\/www.sokekirtasiye.com\/index.php?rest_route=%2Fwp%2Fv2%2Fcomments&post=8454"}],"version-history":[{"count":2,"href":"https:\/\/www.sokekirtasiye.com\/index.php?rest_route=\/wp\/v2\/product\/8454\/revisions"}],"predecessor-version":[{"id":15701,"href":"https:\/\/www.sokekirtasiye.com\/index.php?rest_route=\/wp\/v2\/product\/8454\/revisions\/15701"}],"wp:featuredmedia":[{"embeddable":true,"href":"https:\/\/www.sokekirtasiye.com\/index.php?rest_route=\/wp\/v2\/media\/8931"}],"wp:attachment":[{"href":"https:\/\/www.sokekirtasiye.com\/index.php?rest_route=%2Fwp%2Fv2%2Fmedia&parent=8454"}],"wp:term":[{"taxonomy":"product_brand","embeddable":true,"href":"https:\/\/www.sokekirtasiye.com\/index.php?rest_route=%2Fwp%2Fv2%2Fproduct_brand&post=8454"},{"taxonomy":"product_cat","embeddable":true,"href":"https:\/\/www.sokekirtasiye.com\/index.php?rest_route=%2Fwp%2Fv2%2Fproduct_cat&post=8454"},{"taxonomy":"product_tag","embeddable":true,"href":"https:\/\/www.sokekirtasiye.com\/index.php?rest_route=%2Fwp%2Fv2%2Fproduct_tag&post=8454"}],"curies":[{"name":"wp","href":"https:\/\/api.w.org\/{rel}","templated":true}]}}