{"id":8637,"date":"2020-10-17T19:23:05","date_gmt":"2020-10-17T16:23:05","guid":{"rendered":"https:\/\/www.ilknurkirtasiye.com\/?post_type=product&amp;p=3073"},"modified":"2020-10-17T19:23:05","modified_gmt":"2020-10-17T16:23:05","slug":"kodak-max-alkalin-pil-kaa-62","status":"publish","type":"product","link":"https:\/\/www.sokekirtasiye.com\/?product=kodak-max-alkalin-pil-kaa-62","title":{"rendered":"Kodak Max Alkalin Pil KAA 6+2"},"content":{"rendered":"<ul>\n<li>Max \u00fcr\u00fcn yelpazesi, tam kapsaml\u0131 y\u00fcksek kaliteli alkalin pillerdir.<br \/>\nBu y\u00fcksek performans serisi, Kodak standartlar\u0131na uygun olarak \u00fcretilmi\u015ftir<\/li>\n<li>AA tarz\u0131 pil 1.5 V<br \/>\nUzun s\u00fcreli, k\u00fc\u00e7\u00fck \/ orta dereceli g\u00fc\u00e7 kullan\u0131m\u0131 i\u00e7in \u00f6nerilir<br \/>\nC\u0131va ve Kadmiyum i\u00e7ermez<\/li>\n<li>Alkalin, MnO2 \/ KOH \/ Zn IEC LR6, ANSI 15A 1.5V<br \/>\n280 mAh, 75 Ohm\u2019dan 0.8 Volt\u2019a 0.15 Ohm\u2019a kadar (tipik olarak)<br \/>\n2MnO2 + Zn + H2O \u203a 2MnOOH + ZnO<\/li>\n<\/ul>\n<p>&nbsp;<\/p>\n<p>Teknik Bilgiler<\/p>\n<table style=\"height: 297px;\" width=\"514\">\n<tbody>\n<tr>\n<td width=\"128\">Marka<\/td>\n<td width=\"172\">Kodak<\/td>\n<\/tr>\n<tr>\n<td width=\"128\">Pil t\u00fcr\u00fc<\/td>\n<td width=\"172\">Alkalin<\/td>\n<\/tr>\n<tr>\n<td width=\"128\">Pil Boyutu<\/td>\n<td width=\"172\">AA<\/td>\n<\/tr>\n<tr>\n<td width=\"128\">Pil Kapasitesi<\/td>\n<td width=\"172\">1,5 Volt<\/td>\n<\/tr>\n<tr>\n<td width=\"128\">Pil Adedi<\/td>\n<td width=\"172\">8 adet<\/td>\n<\/tr>\n<tr>\n<td width=\"128\">EAN<\/td>\n<td width=\"172\">887930411904<\/td>\n<\/tr>\n<\/tbody>\n<\/table>\n<p>&nbsp;<\/p>\n","protected":false},"excerpt":{"rendered":"<h5>Paket \u0130\u00e7eri\u011fi : 8 Adet<\/h5>\n","protected":false},"featured_media":8286,"comment_status":"open","ping_status":"closed","template":"","meta":{"advanced_seo_description":"","jetpack_seo_html_title":"","jetpack_seo_noindex":false,"_joinchat":[]},"product_brand":[],"product_cat":[522,533],"product_tag":[],"class_list":{"0":"post-8637","1":"product","2":"type-product","3":"status-publish","4":"has-post-thumbnail","6":"product_cat-masaustu","7":"product_cat-pil-cesitleri","9":"first","10":"instock","11":"sale","12":"purchasable","13":"product-type-simple"},"jetpack_sharing_enabled":true,"_links":{"self":[{"href":"https:\/\/www.sokekirtasiye.com\/index.php?rest_route=\/wp\/v2\/product\/8637","targetHints":{"allow":["GET"]}}],"collection":[{"href":"https:\/\/www.sokekirtasiye.com\/index.php?rest_route=\/wp\/v2\/product"}],"about":[{"href":"https:\/\/www.sokekirtasiye.com\/index.php?rest_route=\/wp\/v2\/types\/product"}],"replies":[{"embeddable":true,"href":"https:\/\/www.sokekirtasiye.com\/index.php?rest_route=%2Fwp%2Fv2%2Fcomments&post=8637"}],"version-history":[{"count":0,"href":"https:\/\/www.sokekirtasiye.com\/index.php?rest_route=\/wp\/v2\/product\/8637\/revisions"}],"wp:featuredmedia":[{"embeddable":true,"href":"https:\/\/www.sokekirtasiye.com\/index.php?rest_route=\/wp\/v2\/media\/8286"}],"wp:attachment":[{"href":"https:\/\/www.sokekirtasiye.com\/index.php?rest_route=%2Fwp%2Fv2%2Fmedia&parent=8637"}],"wp:term":[{"taxonomy":"product_brand","embeddable":true,"href":"https:\/\/www.sokekirtasiye.com\/index.php?rest_route=%2Fwp%2Fv2%2Fproduct_brand&post=8637"},{"taxonomy":"product_cat","embeddable":true,"href":"https:\/\/www.sokekirtasiye.com\/index.php?rest_route=%2Fwp%2Fv2%2Fproduct_cat&post=8637"},{"taxonomy":"product_tag","embeddable":true,"href":"https:\/\/www.sokekirtasiye.com\/index.php?rest_route=%2Fwp%2Fv2%2Fproduct_tag&post=8637"}],"curies":[{"name":"wp","href":"https:\/\/api.w.org\/{rel}","templated":true}]}}